{"id":486,"date":"2022-02-18T01:15:09","date_gmt":"2022-02-18T01:15:09","guid":{"rendered":"https:\/\/www.coolkoop.pt\/?page_id=486"},"modified":"2022-02-18T01:20:17","modified_gmt":"2022-02-18T01:20:17","slug":"politica-de-cookies","status":"publish","type":"page","link":"https:\/\/www.coolkoop.pt\/en\/politica-de-cookies\/","title":{"rendered":"Cookies Policy"},"content":{"rendered":"<p>[et_pb_section fb_built=&#8221;1&#8243; fullwidth=&#8221;on&#8221; _builder_version=&#8221;4.14.7&#8243; _module_preset=&#8221;default&#8221; global_colors_info=&#8221;{}&#8221;][et_pb_fullwidth_slider show_arrows=&#8221;off&#8221; show_pagination=&#8221;off&#8221; use_bg_overlay=&#8221;off&#8221; _builder_version=&#8221;4.14.7&#8243; _module_preset=&#8221;default&#8221; background_color=&#8221;#000000&#8243; background_enable_image=&#8221;off&#8221; parallax=&#8221;on&#8221; hover_enabled=&#8221;0&#8243; global_colors_info=&#8221;{}&#8221; sticky_enabled=&#8221;0&#8243;][et_pb_slide heading=&#8221;respeitamos a sua privacidade&#8221; _builder_version=&#8221;4.14.7&#8243; _module_preset=&#8221;default&#8221; header_font=&#8221;Poppins|600||on|||||&#8221; header_text_align=&#8221;center&#8221; header_font_size=&#8221;35px&#8221; background_color=&#8221;#000000&#8243; background_enable_color=&#8221;on&#8221; hover_enabled=&#8221;0&#8243; global_colors_info=&#8221;{}&#8221; sticky_transition=&#8221;on&#8221; sticky_enabled=&#8221;0&#8243;][\/et_pb_slide][\/et_pb_fullwidth_slider][\/et_pb_section][et_pb_section fb_built=&#8221;1&#8243; _builder_version=&#8221;4.14.7&#8243; use_background_color_gradient=&#8221;on&#8221; background_color_gradient_start=&#8221;rgba(232,232,232,0.62)&#8221; background_color_gradient_end=&#8221;#ffffff&#8221; custom_padding=&#8221;50px||50px||false|false&#8221; global_colors_info=&#8221;{}&#8221;][et_pb_row _builder_version=&#8221;4.14.7&#8243; _module_preset=&#8221;default&#8221; background_color=&#8221;#FFFFFF&#8221; custom_margin=&#8221;-100px||||false|false&#8221; custom_padding=&#8221;20px|35px|20px|35px|false|false&#8221; animation_style=&#8221;bounce&#8221; border_radii=&#8221;on|1px|1px|1px|1px&#8221; border_width_all=&#8221;1px&#8221; border_color_all=&#8221;#e5e5e5&#8243; box_shadow_style=&#8221;preset3&#8243; box_shadow_color=&#8221;rgba(0,0,0,0.15)&#8221; global_colors_info=&#8221;{}&#8221;][et_pb_column type=&#8221;4_4&#8243; _builder_version=&#8221;4.14.7&#8243; _module_preset=&#8221;default&#8221; background_color=&#8221;RGBA(255,255,255,0)&#8221; global_colors_info=&#8221;{}&#8221;][et_pb_text _builder_version=&#8221;4.14.7&#8243; _module_preset=&#8221;default&#8221; header_font=&#8221;|||on|||||&#8221; header_5_font=&#8221;Poppins|600||on|||||&#8221; header_5_text_align=&#8221;left&#8221; header_5_font_size=&#8221;20px&#8221; custom_margin=&#8221;0px||||false|false&#8221; custom_padding=&#8221;25px||||false|false&#8221; global_colors_info=&#8221;{}&#8221;]<\/p>\n<h5>Cookies Policy<\/h5>\n<p>[\/et_pb_text][et_pb_text _builder_version=&#8221;4.14.7&#8243; _module_preset=&#8221;default&#8221; text_font=&#8221;Poppins|300|||||||&#8221; text_text_color=&#8221;#000000&#8243; hover_enabled=&#8221;0&#8243; global_colors_info=&#8221;{}&#8221; sticky_enabled=&#8221;0&#8243;]<\/p>\n<p>O que s\u00e3o cookies? Um cookie \u00e9 um arquivo de texto pequeno que \u00e9 colocado no\u00a0 seu computador, telem\u00f3vel ou outro dispositivo com acesso \u00e0 internet. Quando voc\u00ea visita um site da web o cookie ajudar\u00e1 os fornecedores do site da web a reconhecer o seu dispositivo na pr\u00f3xima vez que voc\u00ea visitar seu web site.<\/p>\n<p>Voc\u00ea pode descobrir mais sobre cookies nesse link:\u00a0<a href=\"http:\/\/www.aboutcookies.org\">http:\/\/www.aboutcookies.org<\/a><\/p>\n<p>A maioria dos navegadores da web permitem que voc\u00ea gerencie suas prefer\u00eancias de cookies. Voc\u00ea pode configurar seu browser para rejeitar cookies ou excluir determinados cookies. Voc\u00ea tamb\u00e9m poder\u00e1 gerenciar tecnologias semelhantes da mesma forma que voc\u00ea gerencia os cookies usando suas prefer\u00eancias do navegador. Estes links possuem informa\u00e7\u00f5es sobre como gerir cookies:<\/p>\n<ul>\n<li><strong>Internet Explorer<\/strong><\/li>\n<li><strong>Firefox<\/strong><\/li>\n<li><strong>Safari<\/strong><\/li>\n<li><strong>Chrome<\/strong><\/li>\n<\/ul>\n<p>No caso que o utilizador queira limitar ou bloquear alguns ou todos os cookies deste web site, \u00e9 poss\u00edvel que nenhum dos recursos ou servi\u00e7os da p\u00e1gina fiquem ent\u00e3o dispon\u00edveis.<\/p>\n<p>Cookies que podem ser utilizados neste site : Os cookies que podem ser usados no nosso website s\u00f3 s\u00e3o associados a um utilizador an\u00f4nimo no seu computador. Nunca fornecem ou recolhem dados que permitem obter dados pessoais do usu\u00e1rio. Entre eles podem ser: Cookies do Google Analytics\u00a0 (utma, utmb, utmc utmz).<\/p>\n<p>Estes quatro cookies s\u00e3o servidos pelo Google Analytics para coletar informa\u00e7\u00f5es diferentes sobre a navega\u00e7\u00e3o pelo nosso site. Por exemplo, a localiza\u00e7\u00e3o do visitante, detalhes da visita (tempo, visualiza\u00e7\u00f5es de p\u00e1gina, etc.). Al\u00e9m de bloquear que esses cookies com o seu navegador, o utilizador pode usar este plug-in fornecido pelo pr\u00f3prio Google para desabilitar o servi\u00e7o do Google Analytics na sua visita.<\/p>\n<p>Cookies t\u00e9cnicos da plataforma web (cookie-agreed-es, has_js) destinam-se a permitir a visita \u00e0 p\u00e1gina. Cookie Google (NID) \u00e9 um identificador exclusivo usado por aplicativos do Google para armazenar informa\u00e7\u00f5es sobre prefer\u00eancias do usu\u00e1rio.<\/p>\n<p>&nbsp;<\/p>\n<p>&nbsp;<\/p>\n<p>[\/et_pb_text][\/et_pb_column][\/et_pb_row][et_pb_row _builder_version=&#8221;4.14.7&#8243; _module_preset=&#8221;default&#8221; custom_padding=&#8221;17px||9px|||&#8221; global_colors_info=&#8221;{}&#8221;][et_pb_column type=&#8221;4_4&#8243; _builder_version=&#8221;4.14.7&#8243; _module_preset=&#8221;default&#8221; global_colors_info=&#8221;{}&#8221;][et_pb_divider show_divider=&#8221;off&#8221; _builder_version=&#8221;4.14.7&#8243; _module_preset=&#8221;default&#8221; global_colors_info=&#8221;{}&#8221;][\/et_pb_divider][\/et_pb_column][\/et_pb_row][et_pb_row column_structure=&#8221;1_4,1_4,1_4,1_4&#8243; _builder_version=&#8221;4.14.7&#8243; _module_preset=&#8221;default&#8221; module_alignment=&#8221;center&#8221; custom_padding=&#8221;20px|15px|20px|15px|false|false&#8221; global_colors_info=&#8221;{}&#8221;][et_pb_column type=&#8221;1_4&#8243; _builder_version=&#8221;4.14.7&#8243; _module_preset=&#8221;default&#8221; global_colors_info=&#8221;{}&#8221;][et_pb_text _builder_version=&#8221;4.14.7&#8243; _module_preset=&#8221;default&#8221; header_4_font=&#8221;Poppins||||||||&#8221; custom_margin=&#8221;||0px||false|false&#8221; global_colors_info=&#8221;{}&#8221;]<\/p>\n<h4>COOL KOOP<\/h4>\n<p>[\/et_pb_text][et_pb_text _builder_version=&#8221;4.14.7&#8243; _module_preset=&#8221;default&#8221; text_font=&#8221;Poppins|300|||||||&#8221; text_text_color=&#8221;#000000&#8243; global_colors_info=&#8221;{}&#8221;]<\/p>\n<p>Desenvolvimento Estrategico de Marcas Lda<\/p>\n<p>[\/et_pb_text][\/et_pb_column][et_pb_column type=&#8221;1_4&#8243; _builder_version=&#8221;4.14.7&#8243; _module_preset=&#8221;default&#8221; global_colors_info=&#8221;{}&#8221;][et_pb_text _builder_version=&#8221;4.14.7&#8243; _module_preset=&#8221;default&#8221; text_font=&#8221;Poppins|300|||||||&#8221; text_text_color=&#8221;#000000&#8243; text_orientation=&#8221;center&#8221; global_colors_info=&#8221;{}&#8221;]<\/p>\n<p><span><\/span><\/p>\n<p><span>Estrada de Benfica N 431 5 Esq<\/span><br \/><span>1500-078 Lisboa, <\/span><span>Portugal<\/span><\/p>\n<p>[\/et_pb_text][\/et_pb_column][et_pb_column type=&#8221;1_4&#8243; _builder_version=&#8221;4.14.7&#8243; _module_preset=&#8221;default&#8221; global_colors_info=&#8221;{}&#8221;][et_pb_text _builder_version=&#8221;4.14.7&#8243; _module_preset=&#8221;default&#8221; text_font=&#8221;Poppins|300|||||||&#8221; text_orientation=&#8221;center&#8221; global_colors_info=&#8221;{}&#8221;]<\/p>\n<p><span><\/span><\/p>\n<p><span>+351 91 969 49 87<\/span><br \/><span style=\"color: #000000;\"><a href=\"mailto:geral@coolkoop.pt\" target=\"_blank\" rel=\"noopener\" style=\"color: #000000;\">geral@coolkoop.pt<\/a><\/span><\/p>\n<p>[\/et_pb_text][\/et_pb_column][et_pb_column type=&#8221;1_4&#8243; _builder_version=&#8221;4.14.7&#8243; _module_preset=&#8221;default&#8221; global_colors_info=&#8221;{}&#8221;][et_pb_social_media_follow use_icon_font_size=&#8221;on&#8221; icon_font_size=&#8221;18px&#8221; _builder_version=&#8221;4.14.7&#8243; _module_preset=&#8221;default&#8221; custom_button=&#8221;on&#8221; text_orientation=&#8221;right&#8221; animation_style=&#8221;bounce&#8221; global_colors_info=&#8221;{}&#8221;][et_pb_social_media_follow_network social_network=&#8221;facebook&#8221; use_icon_font_size=&#8221;on&#8221; _builder_version=&#8221;4.14.7&#8243; _module_preset=&#8221;default&#8221; background_color=&#8221;#3b5998&#8243; global_colors_info=&#8221;{}&#8221; follow_button=&#8221;off&#8221; url_new_window=&#8221;on&#8221;]facebook[\/et_pb_social_media_follow_network][et_pb_social_media_follow_network social_network=&#8221;instagram&#8221; use_icon_font_size=&#8221;on&#8221; _builder_version=&#8221;4.14.7&#8243; _module_preset=&#8221;default&#8221; background_color=&#8221;#ea2c59&#8243; global_colors_info=&#8221;{}&#8221; follow_button=&#8221;off&#8221; url_new_window=&#8221;on&#8221;]instagram[\/et_pb_social_media_follow_network][et_pb_social_media_follow_network social_network=&#8221;whatsapp&#8221; _builder_version=&#8221;4.14.7&#8243; _module_preset=&#8221;default&#8221; background_color=&#8221;#25D366&#8243; global_colors_info=&#8221;{}&#8221; follow_button=&#8221;off&#8221; url_new_window=&#8221;on&#8221;]whatsapp[\/et_pb_social_media_follow_network][\/et_pb_social_media_follow][\/et_pb_column][\/et_pb_row][\/et_pb_section][et_pb_section fb_built=&#8221;1&#8243; prev_background_color=&#8221;#ffffff&#8221; admin_label=&#8221;Video&#8221; _builder_version=&#8221;4.14.7&#8243; background_color=&#8221;#000000&#8243; parallax=&#8221;on&#8221; custom_padding=&#8221;110px||110px|&#8221; top_divider_style=&#8221;arrow2&#8243; global_colors_info=&#8221;{}&#8221;][et_pb_row _builder_version=&#8221;4.14.7&#8243; custom_margin=&#8221;5px||||false|false&#8221; custom_padding=&#8221;25px||||false|false&#8221; locked=&#8221;off&#8221; global_colors_info=&#8221;{}&#8221;][et_pb_column type=&#8221;4_4&#8243; _builder_version=&#8221;3.25&#8243; custom_padding=&#8221;|||&#8221; global_colors_info=&#8221;{}&#8221; custom_padding__hover=&#8221;|||&#8221;][et_pb_text admin_label=&#8221;Video Title&#8221; _builder_version=&#8221;4.14.7&#8243; text_font=&#8221;||||&#8221; text_text_color=&#8221;#1a1a1a&#8221; header_font=&#8221;Poppins|600||on|||||&#8221; header_text_align=&#8221;center&#8221; header_text_color=&#8221;rgba(255,255,255,0.81)&#8221; header_font_size=&#8221;40px&#8221; header_line_height=&#8221;1.3em&#8221; module_alignment=&#8221;center&#8221; custom_margin=&#8221;|||&#8221; custom_padding=&#8221;|||&#8221; animation_style=&#8221;slide&#8221; animation_direction=&#8221;top&#8221; animation_intensity_slide=&#8221;10%&#8221; locked=&#8221;off&#8221; global_colors_info=&#8221;{}&#8221;]<\/p>\n<h1>VISIT OUR VIDEO TOUR<\/h1>\n<p>[\/et_pb_text][et_pb_divider color=&#8221;#ed4441&#8243; divider_position=&#8221;center&#8221; divider_weight=&#8221;5px&#8221; disabled_on=&#8221;off|off|off&#8221; _builder_version=&#8221;4.14.7&#8243; max_width=&#8221;150px&#8221; module_alignment=&#8221;center&#8221; height=&#8221;false&#8221; custom_margin=&#8221;-30px||||false|false&#8221; custom_padding=&#8221;0px||||false|false&#8221; animation_style=&#8221;slide&#8221; animation_direction=&#8221;top&#8221; animation_delay=&#8221;100ms&#8221; animation_intensity_slide=&#8221;10%&#8221; locked=&#8221;off&#8221; global_colors_info=&#8221;{}&#8221;][\/et_pb_divider][et_pb_text admin_label=&#8221;Video Sub Title&#8221; _builder_version=&#8221;4.14.7&#8243; text_font=&#8221;Poppins|||on|||||&#8221; text_text_color=&#8221;#FFFFFF&#8221; text_line_height=&#8221;1.3em&#8221; text_orientation=&#8221;center&#8221; max_width=&#8221;800px&#8221; module_alignment=&#8221;center&#8221; custom_margin=&#8221;-10px||||false|false&#8221; custom_padding=&#8221;0px||||false|false&#8221; animation_style=&#8221;slide&#8221; animation_direction=&#8221;top&#8221; animation_delay=&#8221;200ms&#8221; animation_intensity_slide=&#8221;10%&#8221; locked=&#8221;off&#8221; global_colors_info=&#8221;{}&#8221;]<\/p>\n<p>We are a passionate team focused on finding the right solutions for your business.<\/p>\n<p>[\/et_pb_text][\/et_pb_column][\/et_pb_row][et_pb_row _builder_version=&#8221;4.14.7&#8243; max_width=&#8221;1280px&#8221; custom_padding=&#8221;0px|0px|0px|0px|false|false&#8221; use_custom_width=&#8221;on&#8221; custom_width_px=&#8221;1280px&#8221; global_colors_info=&#8221;{}&#8221;][et_pb_column type=&#8221;4_4&#8243; _builder_version=&#8221;4.14.7&#8243; custom_padding=&#8221;|||&#8221; global_colors_info=&#8221;{}&#8221; custom_padding__hover=&#8221;|||&#8221;][et_pb_video src=&#8221;https:\/\/www.coolkoop.pt\/wp-content\/uploads\/2022\/02\/OmegaTour.mov&#8221; image_src=&#8221;https:\/\/www.coolkoop.pt\/wp-content\/uploads\/2022\/02\/Omega-Cover-scaled.jpg&#8221; play_icon_color=&#8221;#ffffff&#8221; admin_label=&#8221;Video&#8221; _builder_version=&#8221;4.14.7&#8243; animation_style=&#8221;zoom&#8221; animation_direction=&#8221;bottom&#8221; animation_intensity_zoom=&#8221;6%&#8221; hover_enabled=&#8221;0&#8243; border_radii=&#8221;on|1px|1px|1px|1px&#8221; border_width_all=&#8221;1px&#8221; border_color_all=&#8221;#FFFFFF&#8221; global_colors_info=&#8221;{}&#8221; title_text=&#8221;Omega-Cover&#8221; sticky_enabled=&#8221;0&#8243;][\/et_pb_video][\/et_pb_column][\/et_pb_row][\/et_pb_section]<\/p>","protected":false},"excerpt":{"rendered":"<p>Pol\u00edtica de CookiesO que s\u00e3o cookies? Um cookie \u00e9 um arquivo de texto pequeno que \u00e9 colocado no\u00a0 seu computador, telem\u00f3vel ou outro dispositivo com acesso \u00e0 internet. Quando voc\u00ea visita um site da web o cookie ajudar\u00e1 os fornecedores do site da web a reconhecer o seu dispositivo na pr\u00f3xima vez que voc\u00ea visitar [&hellip;]<\/p>","protected":false},"author":1,"featured_media":0,"parent":0,"menu_order":0,"comment_status":"closed","ping_status":"closed","template":"","meta":{"_et_pb_use_builder":"on","_et_pb_old_content":"","_et_gb_content_width":"","footnotes":""},"class_list":["post-486","page","type-page","status-publish","hentry"],"_links":{"self":[{"href":"https:\/\/www.coolkoop.pt\/en\/wp-json\/wp\/v2\/pages\/486","targetHints":{"allow":["GET"]}}],"collection":[{"href":"https:\/\/www.coolkoop.pt\/en\/wp-json\/wp\/v2\/pages"}],"about":[{"href":"https:\/\/www.coolkoop.pt\/en\/wp-json\/wp\/v2\/types\/page"}],"author":[{"embeddable":true,"href":"https:\/\/www.coolkoop.pt\/en\/wp-json\/wp\/v2\/users\/1"}],"replies":[{"embeddable":true,"href":"https:\/\/www.coolkoop.pt\/en\/wp-json\/wp\/v2\/comments?post=486"}],"version-history":[{"count":5,"href":"https:\/\/www.coolkoop.pt\/en\/wp-json\/wp\/v2\/pages\/486\/revisions"}],"predecessor-version":[{"id":492,"href":"https:\/\/www.coolkoop.pt\/en\/wp-json\/wp\/v2\/pages\/486\/revisions\/492"}],"wp:attachment":[{"href":"https:\/\/www.coolkoop.pt\/en\/wp-json\/wp\/v2\/media?parent=486"}],"curies":[{"name":"wp","href":"https:\/\/api.w.org\/{rel}","templated":true}]}}